{"id":1296,"date":"2024-03-15T02:17:06","date_gmt":"2024-03-15T02:17:06","guid":{"rendered":"https:\/\/hoingodinhcao.com\/?page_id=1296"},"modified":"2025-03-14T06:31:44","modified_gmt":"2025-03-13T23:31:44","slug":"huong-dan-dang-ky-tham-gia-hoi-ngo-dinh-cao-va-thanh-toan","status":"publish","type":"page","link":"https:\/\/hoingodinhcao.com\/en\/huong-dan-dang-ky-tham-gia-hoi-ngo-dinh-cao-va-thanh-toan\/","title":{"rendered":"H\u01af\u1edaNG D\u1eaaN \u0110\u0102NG K\u00dd THAM GIA H\u1ed8I NG\u1ed8 \u0110\u1ec8NH CAO V\u00c0 THANH TO\u00c1N"},"content":{"rendered":"<div data-elementor-type=\"wp-page\" data-elementor-id=\"1296\" class=\"elementor elementor-1296\" data-elementor-post-type=\"page\">\n\t\t\t\t<div class=\"elementor-element elementor-element-14fecd7 e-flex e-con-boxed e-con e-parent\" data-id=\"14fecd7\" data-element_type=\"container\" data-e-type=\"container\" data-settings=\"{&quot;jet_parallax_layout_list&quot;:[]}\">\n\t\t\t\t\t<div class=\"e-con-inner\">\n\t\t<div class=\"elementor-element elementor-element-e8ef6c8 e-flex e-con-boxed e-con e-child\" data-id=\"e8ef6c8\" data-element_type=\"container\" data-e-type=\"container\" data-settings=\"{&quot;jet_parallax_layout_list&quot;:[]}\">\n\t\t\t\t\t<div class=\"e-con-inner\">\n\t\t<div class=\"elementor-element elementor-element-0f89355 e-flex e-con-boxed e-con e-child\" data-id=\"0f89355\" data-element_type=\"container\" data-e-type=\"container\" data-settings=\"{&quot;jet_parallax_layout_list&quot;:[]}\">\n\t\t\t\t\t<div class=\"e-con-inner\">\n\t\t\t\t<div class=\"elementor-element elementor-element-cdc8c43 elementor-widget__width-auto elementor-widget-mobile__width-initial elementor-widget elementor-widget-heading\" data-id=\"cdc8c43\" data-element_type=\"widget\" data-e-type=\"widget\" data-widget_type=\"heading.default\">\n\t\t\t\t<div class=\"elementor-widget-container\">\n\t\t\t\t\t<h2 class=\"elementor-heading-title elementor-size-default\">H\u01b0\u1edbng d\u1eabn thanh to\u00e1n<\/h2>\t\t\t\t<\/div>\n\t\t\t\t<\/div>\n\t\t\t\t\t<\/div>\n\t\t\t\t<\/div>\n\t\t<div class=\"elementor-element elementor-element-6f8f42a e-flex e-con-boxed e-con e-child\" data-id=\"6f8f42a\" data-element_type=\"container\" data-e-type=\"container\" data-settings=\"{&quot;jet_parallax_layout_list&quot;:[]}\">\n\t\t\t\t\t<div class=\"e-con-inner\">\n\t\t<div class=\"elementor-element elementor-element-40d3556 e-con-full e-flex e-con e-child\" data-id=\"40d3556\" data-element_type=\"container\" data-e-type=\"container\" data-settings=\"{&quot;jet_parallax_layout_list&quot;:[]}\">\n\t\t\t\t<div class=\"elementor-element elementor-element-0119524 elementor-widget elementor-widget-text-editor\" data-id=\"0119524\" data-element_type=\"widget\" data-e-type=\"widget\" data-widget_type=\"text-editor.default\">\n\t\t\t\t<div class=\"elementor-widget-container\">\n\t\t\t\t\t\t\t\t\t<h3 style=\"text-align: center;\"><\/h3>\n<div class=\"elementor-element elementor-element-5897390 elementor-widget elementor-widget-heading\" data-id=\"5897390\" data-element_type=\"widget\" data-settings=\"{&quot;ekit_we_effect_on&quot;:&quot;none&quot;}\" data-widget_type=\"heading.default\">\n<div class=\"elementor-widget-container\">\n<h2 class=\"elementor-heading-title elementor-size-default\" style=\"text-align: center;\">PAYMENT INFORMATION<\/h2>\n<\/div>\n<\/div>\n<div class=\"elementor-element elementor-element-e3de152 elementor-align-center elementor-icon-list--layout-traditional elementor-list-item-link-full_width elementor-widget elementor-widget-global elementor-global-1669 elementor-widget-icon-list\" data-id=\"e3de152\" data-element_type=\"widget\" data-settings=\"{&quot;ekit_we_effect_on&quot;:&quot;none&quot;}\" data-widget_type=\"icon-list.default\">\n<div class=\"elementor-widget-container\">\n<ul class=\"elementor-icon-list-items\" style=\"color: #000;\">\n \t<li class=\"elementor-icon-list-item\"><span class=\"elementor-icon-list-text\" style=\"color: #000000;\">Account number:\n<strong>8600080979<\/strong>\n<\/span><\/li>\n \t<li class=\"elementor-icon-list-item\"><span class=\"elementor-icon-list-text\" style=\"color: #000000;\">T\u1ea1i:\n<strong>Th\u01b0\u01a1ng m\u1ea1i C\u1ed5 ph\u1ea7n \u0110\u1ea7u t\u01b0 &amp; Ph\u00e1t tri\u1ec3n Vi\u1ec7t Nam (BIDV)<\/strong>\n<\/span><\/li>\n \t<li class=\"elementor-icon-list-item\"><span class=\"elementor-icon-list-text\" style=\"color: #000000;\">Account holder:\n<strong>CTY TNHH BCA GROUP<\/strong><\/span><\/li>\n<\/ul>\n<\/div>\n<\/div>\n<br><br>\n<h3 class=\"elementor-heading-title elementor-size-default\" style=\"text-align: center;\">N\u1ed9i dung chuy\u1ec3n kho\u1ea3n<\/h3>\n<strong>V\u00e9 s\u1ef1 ki\u1ec7n:<\/strong> H\u1ecd t\u00ean &#8211; T\u00ean Chapter &#8211; S\u1ed1 \u0111i\u1ec7n tho\u1ea1i &#8211; HNDC 2025\n<br>\n<strong>Exhibition booth:<\/strong>\nFull Name + Chapter Name + Phone Number + XTTM HNDC 2025\t\t\t\t\t\t\t\t<\/div>\n\t\t\t\t<\/div>\n\t\t\t\t<\/div>\n\t\t<div class=\"elementor-element elementor-element-bdef42e e-con-full e-flex e-con e-child\" data-id=\"bdef42e\" data-element_type=\"container\" data-e-type=\"container\" data-settings=\"{&quot;jet_parallax_layout_list&quot;:[]}\">\n\t\t\t\t<div class=\"elementor-element elementor-element-5426f00 elementor-widget elementor-widget-image\" data-id=\"5426f00\" data-element_type=\"widget\" data-e-type=\"widget\" data-widget_type=\"image.default\">\n\t\t\t\t<div class=\"elementor-widget-container\">\n\t\t\t\t\t\t\t\t\t\t\t\t\t\t\t<img fetchpriority=\"high\" decoding=\"async\" width=\"800\" height=\"800\" src=\"https:\/\/hoingodinhcao.com\/wp-content\/uploads\/2025\/03\/qr-code-1024x1024.png\" class=\"attachment-large size-large wp-image-4606\" alt=\"\" srcset=\"https:\/\/hoingodinhcao.com\/wp-content\/uploads\/2025\/03\/qr-code-1024x1024.png 1024w, https:\/\/hoingodinhcao.com\/wp-content\/uploads\/2025\/03\/qr-code-300x300.png 300w, https:\/\/hoingodinhcao.com\/wp-content\/uploads\/2025\/03\/qr-code-150x150.png 150w, https:\/\/hoingodinhcao.com\/wp-content\/uploads\/2025\/03\/qr-code-768x768.png 768w, https:\/\/hoingodinhcao.com\/wp-content\/uploads\/2025\/03\/qr-code.png 1504w\" sizes=\"(max-width: 800px) 100vw, 800px\" \/>\t\t\t\t\t\t\t\t\t\t\t\t\t\t\t<\/div>\n\t\t\t\t<\/div>\n\t\t\t\t<div class=\"elementor-element elementor-element-6103dcb elementor-widget elementor-widget-heading\" data-id=\"6103dcb\" data-element_type=\"widget\" data-e-type=\"widget\" data-widget_type=\"heading.default\">\n\t\t\t\t<div class=\"elementor-widget-container\">\n\t\t\t\t\t<h2 class=\"elementor-heading-title elementor-size-default\">Qu\u00e9t m\u00e3 Qr <\/h2>\t\t\t\t<\/div>\n\t\t\t\t<\/div>\n\t\t\t\t<div class=\"elementor-element elementor-element-f8af22e elementor-widget__width-auto elementor-absolute e-transform elementor-widget elementor-widget-heading\" data-id=\"f8af22e\" data-element_type=\"widget\" data-e-type=\"widget\" data-settings=\"{&quot;_position&quot;:&quot;absolute&quot;,&quot;_transform_rotateZ_effect&quot;:{&quot;unit&quot;:&quot;px&quot;,&quot;size&quot;:&quot;&quot;,&quot;sizes&quot;:[]},&quot;_transform_rotateZ_effect_tablet&quot;:{&quot;unit&quot;:&quot;deg&quot;,&quot;size&quot;:&quot;&quot;,&quot;sizes&quot;:[]},&quot;_transform_rotateZ_effect_mobile&quot;:{&quot;unit&quot;:&quot;deg&quot;,&quot;size&quot;:&quot;&quot;,&quot;sizes&quot;:[]}}\" data-widget_type=\"heading.default\">\n\t\t\t\t<div class=\"elementor-widget-container\">\n\t\t\t\t\t<h2 class=\"elementor-heading-title elementor-size-default\">Ho\u1eb7c<\/h2>\t\t\t\t<\/div>\n\t\t\t\t<\/div>\n\t\t\t\t<\/div>\n\t\t\t\t\t<\/div>\n\t\t\t\t<\/div>\n\t\t\t\t\t<\/div>\n\t\t\t\t<\/div>\n\t\t\t\t\t<\/div>\n\t\t\t\t<\/div>\n\t\t\t\t<\/div>","protected":false},"excerpt":{"rendered":"<p>H\u01b0\u1edbng d\u1eabn thanh to\u00e1n TH\u00d4NG TIN THANH TO\u00c1N S\u1ed1 t\u00e0i kho\u1ea3n: 8600080979 T\u1ea1i: Th\u01b0\u01a1ng m\u1ea1i C\u1ed5 ph\u1ea7n \u0110\u1ea7u t\u01b0 &amp; Ph\u00e1t tri\u1ec3n Vi\u1ec7t Nam (BIDV) Ch\u1ee7 t\u00e0i kho\u1ea3n: CTY TNHH BCA GROUP N\u1ed9i dung chuy\u1ec3n kho\u1ea3n V\u00e9 s\u1ef1 ki\u1ec7n: H\u1ecd t\u00ean &#8211; T\u00ean Chapter &#8211; S\u1ed1 \u0111i\u1ec7n tho\u1ea1i &#8211; HNDC 2025 Gian h\u00e0ng tri\u1ec3n l\u00e3m: [&hellip;]<\/p>\n","protected":false},"author":1,"featured_media":0,"parent":0,"menu_order":0,"comment_status":"closed","ping_status":"closed","template":"","meta":{"footnotes":""},"class_list":["post-1296","page","type-page","status-publish","hentry"],"_links":{"self":[{"href":"https:\/\/hoingodinhcao.com\/en\/wp-json\/wp\/v2\/pages\/1296","targetHints":{"allow":["GET"]}}],"collection":[{"href":"https:\/\/hoingodinhcao.com\/en\/wp-json\/wp\/v2\/pages"}],"about":[{"href":"https:\/\/hoingodinhcao.com\/en\/wp-json\/wp\/v2\/types\/page"}],"author":[{"embeddable":true,"href":"https:\/\/hoingodinhcao.com\/en\/wp-json\/wp\/v2\/users\/1"}],"replies":[{"embeddable":true,"href":"https:\/\/hoingodinhcao.com\/en\/wp-json\/wp\/v2\/comments?post=1296"}],"version-history":[{"count":5,"href":"https:\/\/hoingodinhcao.com\/en\/wp-json\/wp\/v2\/pages\/1296\/revisions"}],"predecessor-version":[{"id":4609,"href":"https:\/\/hoingodinhcao.com\/en\/wp-json\/wp\/v2\/pages\/1296\/revisions\/4609"}],"wp:attachment":[{"href":"https:\/\/hoingodinhcao.com\/en\/wp-json\/wp\/v2\/media?parent=1296"}],"curies":[{"name":"wp","href":"https:\/\/api.w.org\/{rel}","templated":true}]}}