{"id":1294,"date":"2024-03-15T02:16:25","date_gmt":"2024-03-15T02:16:25","guid":{"rendered":"https:\/\/hoingodinhcao.com\/?page_id=1294"},"modified":"2024-03-23T11:39:00","modified_gmt":"2024-03-23T04:39:00","slug":"dieu-khoan-su-dung","status":"publish","type":"page","link":"https:\/\/hoingodinhcao.com\/en\/dieu-khoan-su-dung\/","title":{"rendered":"\u0110I\u1ec0U KHO\u1ea2N S\u1eec D\u1ee4NG"},"content":{"rendered":"<div data-elementor-type=\"wp-page\" data-elementor-id=\"1294\" class=\"elementor elementor-1294\" data-elementor-post-type=\"page\">\n\t\t\t\t<div class=\"elementor-element elementor-element-0629f03 e-flex e-con-boxed e-con e-parent\" data-id=\"0629f03\" data-element_type=\"container\" data-e-type=\"container\" data-settings=\"{&quot;jet_parallax_layout_list&quot;:[]}\">\n\t\t\t\t\t<div class=\"e-con-inner\">\n\t\t\t\t<div class=\"elementor-element elementor-element-8a8f2a9 elementor-widget__width-auto elementor-widget-mobile__width-initial elementor-widget elementor-widget-heading\" data-id=\"8a8f2a9\" data-element_type=\"widget\" data-e-type=\"widget\" data-widget_type=\"heading.default\">\n\t\t\t\t<div class=\"elementor-widget-container\">\n\t\t\t\t\t<h2 class=\"elementor-heading-title elementor-size-default\">\u0110I\u1ec0U KHO\u1ea2N S\u1eec D\u1ee4NG<\/h2>\t\t\t\t<\/div>\n\t\t\t\t<\/div>\n\t\t\t\t<div class=\"elementor-element elementor-element-ade7224 elementor-widget elementor-widget-text-editor\" data-id=\"ade7224\" data-element_type=\"widget\" data-e-type=\"widget\" data-widget_type=\"text-editor.default\">\n\t\t\t\t<div class=\"elementor-widget-container\">\n\t\t\t\t\t\t\t\t\t<p>Ch\u00e0o m\u1eebng Qu\u00fd kh\u00e1ch h\u00e0ng \u0111\u1ebfn website https:\/\/hoingodinhcao.com\/. B\u1eb1ng vi\u1ec7c truy c\u1eadp v\u00e0o trang th\u00f4ng tin \u0111i\u1ec7n t\u1eed n\u00e0y, Qu\u00fd kh\u00e1ch \u0111\u1ed1ng \u00fd c\u00e1c \u0111i\u1ec1u kho\u1ea3n s\u1eed d\u1ee5ng b\u00ean d\u01b0\u1edbi. Vui l\u00f2ng \u0111\u1ecd k\u1ef9 c\u00e1c \u0111i\u1ec1u ki\u1ec7n n\u00e0y tr\u01b0\u1edbc khi s\u1eed d\u1ee5ng website c\u1ee7a ch\u00fang t\u00f4i:<\/p><p><br \/><strong>1.\u00a0\u00a0 \u00a0Quy \u0111\u1ecbnh chung<\/strong><br \/>a.\u00a0 https:\/\/hoingodinhcao.com\/ l\u00e0 website thu\u1ed9c qu\u1ea3n l\u00fd c\u1ee7a C\u00f4ng ty C\u1ed5 ph\u1ea7n Business Connections , \u0111\u01b0\u1ee3c t\u1ea1o ra nh\u1eb1m m\u1ee5c \u0111\u00edch gi\u1edbi thi\u1ec7u s\u1ef1 ki\u1ec7n \u201cH\u1ed9i Ng\u1ed9 \u0110\u1ec9nh Cao\u201d \u0111\u01b0\u1ee3c t\u1ed5 ch\u1ee9c h\u00e0ng n\u0103m, gi\u00fap kh\u00e1ch h\u00e0ng \u0111\u0103ng k\u00fd tham gia s\u1ef1 ki\u1ec7n th\u00f4ng qua website (g\u1ecdi chung l\u00e0 \u201cD\u1ecbch V\u1ee5\u201d)<br \/>b.\u00a0\u00a0 \u00a0\u0110\u1ecbnh ngh\u0129a chung<br \/>&#8211; Ch\u1ee7 s\u1edf h\u1eefu webiste v\u00e0 Ng\u01b0\u1eddi cung c\u1ea5p d\u1ecbch v\u1ee5 l\u00e0 C\u00f4ng ty C\u1ed5 ph\u1ea7n Business Connections.<br \/>&#8211; Ng\u01b0\u1eddi s\u1eed d\u1ee5ng d\u1ecbch v\u1ee5 (Ng\u01b0\u1eddi D\u00f9ng) l\u00e0 c\u00e1 nh\u00e2n, t\u1ed5 ch\u1ee9c, doanh nghi\u1ec7p \u0111\u01b0\u1ee3c th\u00e0nh l\u1eadp, \u0111ang ho\u1ea1t \u0111\u1ed9ng theo ph\u00e1p lu\u1eadt Vi\u1ec7t Nam v\u00e0 c\u00f3 hi\u1ec7n di\u1ec7n th\u01b0\u01a1ng m\u1ea1i t\u1ea1i Vi\u1ec7t Nam. Ng\u01b0\u1eddi D\u00f9ng c\u00f3 quy\u1ec1n truy c\u1eadp v\u00e0o website, \u0111\u0103ng k\u00fd mua d\u1ecbch v\u1ee5 v\u00e0 th\u1ef1c hi\u1ec7n c\u00e1c b\u01b0\u1edbc thanh to\u00e1n \u0111\u1ec3 ho\u00e0n th\u00e0nh giao d\u1ecbch.<br \/>&#8211; Th\u00e0nh vi\u00ean l\u00e0 bao g\u1ed3m c\u1ea3 Ng\u01b0\u1eddi s\u1eed d\u1ee5ng d\u1ecbch v\u1ee5 v\u00e0 Ng\u01b0\u1eddi tham kh\u1ea3o th\u00f4ng tin t\u1ea1i website.<br \/>&#8211; N\u1ed9i dung \u0110i\u1ec1u kho\u1ea3n s\u1eed d\u1ee5ng n\u00e0y tu\u00e2n th\u1ee7 theo c\u00e1c quy \u0111\u1ecbnh hi\u1ec7n h\u00e0nh c\u1ee7a Vi\u1ec7t Nam. Th\u00e0nh vi\u00ean khi tham gia website ph\u1ea3i t\u1ef1 t\u00ecm hi\u1ec3u tr\u00e1ch nhi\u1ec7m ph\u00e1p l\u00fd c\u1ee7a m\u00ecnh \u0111\u1ed1i v\u1edbi ph\u00e1p lu\u1eadt hi\u1ec7n h\u00e0nh c\u1ee7a Vi\u1ec7t Nam v\u00e0 cam k\u1ebft th\u1ef1c hi\u1ec7n \u0111\u00fang nh\u1eefng n\u1ed9i dung trong quy ch\u1ebf n\u00e0y.<\/p><p><br \/><strong>2. Quy tr\u00ecnh \u0111\u1eb7t h\u00e0ng, thanh to\u00e1n<\/strong><br \/><strong>Xem chi ti\u1ebft t\u1ea1i m\u1ee5c:<\/strong> H\u01b0\u1edbng d\u1eabn \u0111\u0103ng k\u00fd tham gia H\u1ed9i Ng\u1ed9 \u0110\u1ec9nh Cao v\u00e0 thanh to\u00e1n.<\/p><p><br \/><strong>3. Quy\u1ec1n, tr\u00e1ch nhi\u1ec7m v\u00e0 ngh\u0129a v\u1ee5 c\u1ee7a Ng\u01b0\u1eddi cung c\u1ea5p d\u1ecbch v\u1ee5<\/strong><br \/>a. Ch\u1ecbu tr\u00e1ch nhi\u1ec7m th\u00f4ng b\u00e1o Website th\u01b0\u01a1ng m\u1ea1i \u0111i\u1ec7n t\u1eed b\u00e1n h\u00e0ng n\u00e0y t\u1edbi B\u1ed9 C\u00f4ng th\u01b0\u01a1ng theo quy \u0111\u1ecbnh.<br \/>b. Ch\u1ecbu tr\u00e1ch nhi\u1ec7m cung c\u1ea5p th\u00f4ng tin \u0111\u1ea7y \u0111\u1ee7, trung th\u1ef1c v\u00e0 kh\u00f4ng vi ph\u1ea1m ph\u00e1p lu\u1eadt tr\u00ean website n\u00e0y.<br \/>c. C\u00f3 ngh\u0129a v\u1ee5 thu th\u1eadp th\u00f4ng tin c\u1ee7a kh\u00e1ch h\u00e0ng ch\u1ec9 nh\u1eb1m ph\u1ee5c v\u1ee5 cho vi\u1ec7c x\u00e2y d\u1ef1ng c\u01a1 s\u1edf kh\u00e1ch h\u00e0ng ti\u1ec1m n\u0103ng, qu\u1ea3ng b\u00e1 d\u1ecbch v\u1ee5 v\u00e0 th\u1ef1c hi\u1ec7n c\u00e1c m\u1ee5c ti\u00eau kinh doanh kh\u00f4ng vi ph\u1ea1m ph\u00e1p lu\u1eadt.<br \/>d. C\u00f3 quy\u1ec1n v\u00e0 c\u00f3 tr\u00e1ch nhi\u1ec7m th\u00f4ng b\u00e1o cho kh\u00e1ch h\u00e0ng v\u1ec1 vi\u1ec7c thay \u0111\u1ed5i ch\u00ednh s\u00e1ch, \u0111i\u1ec1u kho\u1ea3n, \u0111i\u1ec1u ki\u1ec7n giao d\u1ecbch tr\u00ean website.<\/p><p><br \/><strong>4. Quy\u1ec1n, tr\u00e1ch nhi\u1ec7m v\u00e0 ngh\u0129a v\u1ee5 c\u1ee7a Ng\u01b0\u1eddi D\u00f9ng<\/strong><br \/>a. C\u00f3 quy\u1ec1n truy c\u1eadp, tham kh\u1ea3o v\u00e0 s\u1eed d\u1ee5ng th\u00f4ng tin c\u00f4ng khai tr\u00ean website nh\u1eb1m m\u1ee5c \u0111\u00edch kh\u00f4ng vi ph\u1ea1m ph\u00e1p lu\u1eadt.<br \/>b. Kh\u00f4ng \u0111\u01b0\u1ee3c th\u1ef1c hi\u1ec7n h\u00e0nh vi x\u00e2m ph\u1ea1m quy\u1ec1n s\u1edf h\u1eefu tr\u00ed tu\u1ec7 theo quy \u0111\u1ecbnh c\u1ee7a Lu\u1eadt S\u1edf h\u1eefu tr\u00ed tu\u1ec7 Vi\u1ec7t Nam hi\u1ec7n h\u00e0nh. Khi c\u00f3 y\u00eau c\u1ea7u t\u1eeb Ch\u1ee7 s\u1edf h\u1eefu website v\u00e0 Ng\u01b0\u1eddi cung c\u1ea5p d\u1ecbch v\u1ee5, kh\u00e1ch h\u00e0ng ph\u1ea3i l\u1eadp t\u1ee9c ch\u1ea5m d\u1ee9t h\u00e0nh vi vi ph\u1ea1m c\u1ee7a m\u00ecnh.<br \/>c. Kh\u00f4ng \u0111\u01b0\u1ee3c chuy\u1ec3n giao ho\u1eb7c cho thu\u00ea l\u1ea1i d\u1ecbch v\u1ee5 cho b\u00ean th\u1ee9 ba n\u00e0o kh\u00e1c tr\u1eeb khi c\u00f3 s\u1ef1 \u0111\u1ed3ng \u00fd b\u1eb1ng v\u0103n b\u1ea3n c\u1ee7a B\u00ean Cung c\u1ea5p d\u1ecbch v\u1ee5.<br \/>d. C\u00f3 tr\u00e1ch nhi\u1ec7m thanh to\u00e1n theo \u0111\u00fang tho\u1ea3 thu\u1eadn v\u1edbi b\u00ean cung c\u1ea5p d\u1ecbch v\u1ee5.<br \/>e. Ngh\u0129a v\u1ee5 cung c\u1ea5p ch\u00ednh x\u00e1c, \u0111\u1ea7y \u0111\u1ee7 th\u00f4ng tin cho BNI Vi\u1ec7t Nam \u0111\u1ec3 c\u0103n c\u1ee9 cung c\u1ea5p d\u1ecbch v\u1ee5, h\u1ed7 tr\u1ee3 m\u1ed9t c\u00e1ch nhanh ch\u00f3ng v\u00e0 ch\u00ednh x\u00e1c nh\u1ea5t.<\/p><p><br \/><strong>5. \u0110i\u1ec1u kho\u1ea3n kh\u00e1c<\/strong><br \/>Ng\u01b0\u1eddi cung c\u1ea5p d\u1ecbch v\u1ee5 c\u00f3 quy\u1ec1n, c\u00f3 th\u1ec3 ph\u00e1t h\u00e0nh nh\u1eefng \u0111i\u1ec1u ch\u1ec9nh n\u1ed9i dung to\u00e0n b\u1ed9 c\u00e1c ch\u00ednh s\u00e1ch t\u1ea1i website b\u1ea5t c\u1ee9 th\u1eddi \u0111i\u1ec3m n\u00e0o b\u1eb1ng c\u00e1ch c\u1eadp nh\u1eadt l\u00ean website, Kh\u00e1ch h\u00e0ng c\u00f3 th\u1ec3 th\u01b0\u1eddng xuy\u00ean truy c\u1eadp website \u0111\u1ec3 theo d\u00f5i c\u00e1c quy \u0111\u1ecbnh r\u00e0ng bu\u1ed9c n\u00e0y khi s\u1eed d\u1ee5ng.<\/p>\t\t\t\t\t\t\t\t<\/div>\n\t\t\t\t<\/div>\n\t\t\t\t<div class=\"elementor-element elementor-element-604e388 elementor-widget__width-initial elementor-hidden-mobile elementor-widget elementor-widget-image\" data-id=\"604e388\" data-element_type=\"widget\" data-e-type=\"widget\" data-widget_type=\"image.default\">\n\t\t\t\t<div class=\"elementor-widget-container\">\n\t\t\t\t\t\t\t\t\t\t\t\t\t\t\t<img fetchpriority=\"high\" decoding=\"async\" width=\"486\" height=\"584\" src=\"https:\/\/hoingodinhcao.com\/wp-content\/uploads\/2024\/03\/logo-vong-tron.png\" class=\"attachment-large size-large wp-image-1367\" alt=\"\" \/>\t\t\t\t\t\t\t\t\t\t\t\t\t\t\t<\/div>\n\t\t\t\t<\/div>\n\t\t\t\t\t<\/div>\n\t\t\t\t<\/div>\n\t\t\t\t<\/div>","protected":false},"excerpt":{"rendered":"<p>Ch\u00e0o m\u1eebng Qu\u00fd kh\u00e1ch h\u00e0ng \u0111\u1ebfn website https:\/\/hoingodinhcao.com\/. B\u1eb1ng vi\u1ec7c truy c\u1eadp v\u00e0o trang th\u00f4ng tin \u0111i\u1ec7n t\u1eed n\u00e0y, Qu\u00fd kh\u00e1ch \u0111\u1ed1ng \u00fd c\u00e1c \u0111i\u1ec1u kho\u1ea3n s\u1eed d\u1ee5ng b\u00ean d\u01b0\u1edbi. Vui l\u00f2ng \u0111\u1ecd k\u1ef9 c\u00e1c \u0111i\u1ec1u ki\u1ec7n n\u00e0y tr\u01b0\u1edbc khi s\u1eed d\u1ee5ng website c\u1ee7a ch\u00fang t\u00f4i: 1.\u00a0\u00a0 \u00a0Quy \u0111\u1ecbnh chunga.\u00a0 https:\/\/hoingodinhcao.com\/ l\u00e0 website thu\u1ed9c qu\u1ea3n [&hellip;]<\/p>\n","protected":false},"author":1,"featured_media":0,"parent":0,"menu_order":0,"comment_status":"closed","ping_status":"closed","template":"","meta":{"footnotes":""},"class_list":["post-1294","page","type-page","status-publish","hentry"],"_links":{"self":[{"href":"https:\/\/hoingodinhcao.com\/en\/wp-json\/wp\/v2\/pages\/1294","targetHints":{"allow":["GET"]}}],"collection":[{"href":"https:\/\/hoingodinhcao.com\/en\/wp-json\/wp\/v2\/pages"}],"about":[{"href":"https:\/\/hoingodinhcao.com\/en\/wp-json\/wp\/v2\/types\/page"}],"author":[{"embeddable":true,"href":"https:\/\/hoingodinhcao.com\/en\/wp-json\/wp\/v2\/users\/1"}],"replies":[{"embeddable":true,"href":"https:\/\/hoingodinhcao.com\/en\/wp-json\/wp\/v2\/comments?post=1294"}],"version-history":[{"count":5,"href":"https:\/\/hoingodinhcao.com\/en\/wp-json\/wp\/v2\/pages\/1294\/revisions"}],"predecessor-version":[{"id":1999,"href":"https:\/\/hoingodinhcao.com\/en\/wp-json\/wp\/v2\/pages\/1294\/revisions\/1999"}],"wp:attachment":[{"href":"https:\/\/hoingodinhcao.com\/en\/wp-json\/wp\/v2\/media?parent=1294"}],"curies":[{"name":"wp","href":"https:\/\/api.w.org\/{rel}","templated":true}]}}