{"id":1292,"date":"2024-03-15T02:16:05","date_gmt":"2024-03-15T02:16:05","guid":{"rendered":"https:\/\/hoingodinhcao.com\/?page_id=1292"},"modified":"2024-03-23T11:38:30","modified_gmt":"2024-03-23T04:38:30","slug":"data-privacy-policy","status":"publish","type":"page","link":"https:\/\/hoingodinhcao.com\/en\/chinh-sach-bao-mat-thong-tin\/","title":{"rendered":"PRIVACY POLICY"},"content":{"rendered":"<div data-elementor-type=\"wp-page\" data-elementor-id=\"1292\" class=\"elementor elementor-1292\" data-elementor-post-type=\"page\">\n\t\t\t\t<div class=\"elementor-element elementor-element-387a0d8 e-flex e-con-boxed e-con e-parent\" data-id=\"387a0d8\" data-element_type=\"container\" data-e-type=\"container\" data-settings=\"{&quot;jet_parallax_layout_list&quot;:[]}\">\n\t\t\t\t\t<div class=\"e-con-inner\">\n\t\t\t\t<div class=\"elementor-element elementor-element-973e979 elementor-widget__width-auto elementor-widget-mobile__width-initial elementor-widget elementor-widget-heading\" data-id=\"973e979\" data-element_type=\"widget\" data-e-type=\"widget\" data-widget_type=\"heading.default\">\n\t\t\t\t<div class=\"elementor-widget-container\">\n\t\t\t\t\t<h2 class=\"elementor-heading-title elementor-size-default\">PRIVACY POLICY<\/h2>\t\t\t\t<\/div>\n\t\t\t\t<\/div>\n\t\t\t\t<div class=\"elementor-element elementor-element-658e8c2 elementor-widget elementor-widget-text-editor\" data-id=\"658e8c2\" data-element_type=\"widget\" data-e-type=\"widget\" data-widget_type=\"text-editor.default\">\n\t\t\t\t<div class=\"elementor-widget-container\">\n\t\t\t\t\t\t\t\t\t<p>Business Connections Joint Stock Company (hereinafter referred to as \u201cBNI VN\u201d), the owner of the website \u201choingodinhcao.com\u201d, is committed to respecting and protecting the privacy of its customers. This Privacy Policy (hereinafter referred to as the \u201cPolicy\u201d) describes how BNI VN collects and uses the personal information of Users, as well as explaining the rights that Users may have with respect to that personal information. This Policy applies to all Users using BNI VN services on the platform https:\/\/hoingodinhcao.com\/ (hereinafter referred to as the \u201cPlatform\u201d).<\/p><p><br \/>Before accessing and using the platform, customers are kindly requested to read the &quot;Privacy Policy&quot; below to better understand our commitments. User consent to BNI VN processing information and data according to this Policy is expressed by clicking the &quot;Submit&quot; box when filling out the Summit Meeting registration form. Users are fully responsible for any violations of the regulations, commitments, guarantees, and\/or conditions stipulated in this Policy and will not be exempted from liability for not having read or fully understood the content of this Policy. If a User reads and fully understands this Policy and objects to BNI VN&#039;s regulations, the User must leave the Platform and cease using any BNI VN services immediately.<\/p><p><br \/><strong>1. Scope of personal information collection<\/strong><br \/>a. The information provided by the User when using the hoingodinhcao.com service of BNI VN includes: Full name, Phone number, Email, Chapter name, BNI Region name.<br \/>b. User information collected by BNI VN when Users access, register, experience, and use services on the Platform includes: transaction history, tasks and interactions of Users when accessing and clicking &quot;Register Now&quot;. Users must ensure the legality, truthfulness, and accuracy of the information they provide, introduce, and update to the Platform, and Users are fully responsible and exempt BNI VN from any obligations and liabilities arising from the User&#039;s violation of these terms.<\/p><p><br \/><strong>2. Purpose of Information Collection and Scope of Use<\/strong><br \/>BNI VN collects and uses Users&#039; personal information for appropriate purposes and in full compliance with the content of this Policy, specifically as follows:<br \/>\u2013 Providing or supporting Users in using services on the Platform.<br \/>\u2013 User support when purchasing services<br \/>\u2013 Send information related to activities and events.<br \/>\u2013 To synthesize, analyze, determine, and research the effectiveness of the service in order to provide the best possible user experience.<br \/>\u2013 Send reminders, notifications, invoices, payment schedules, and instructions on how to use the service.<br \/>\u2013 Notifications regarding changes to the Platform and other announcements related to the User&#039;s use and access to the Platform.<br \/>\u2013 Other uses with the User&#039;s consent.<\/p><p><br \/><strong>3. Information processing and storage time<\/strong><br \/>\u2013 BNI VN will begin processing the User&#039;s personal information as soon as the User starts providing their personal information to the Platform.<br \/>\u2013 BNI VN applies a method of storing copies of User information for a period equivalent to the time the User continues to maintain transactions created through the Platform. The information provided by the User to the Platform will be stored until a request for deletion is received.<\/p><p><br \/><strong>4. People who have access to the information<\/strong><br \/>BNI VN will not share or allow access to User information except in the following specific cases:<br \/>\u2013 Cases involving the use of personal information as outlined in this Policy.<br \/>\u2013 Requests from judicial bodies, arbitration tribunals, or government agencies to facilitate dispute resolution or compliance with legal regulations.<br \/>\u2013 To protect the rights of BNI VN and other third parties when confident that providing such information is in accordance with the law and protects the rights and property of Users, BNI VN, or other third parties.<\/p><p><br \/><strong>5. Methods for accessing and editing information<\/strong><br \/>\u2013 Users have the right to access and verify their personal information directly by contacting BNI VN&#039;s support department to have their information checked.<br \/>\u2013 Users have the right to access, edit, and modify certain information by contacting BNI Vietnam&#039;s support department directly to make adjustments and edits.<br \/>\u2013 Users have the right to contact BNI VN&#039;s support department directly to delete or cancel certain information.<br \/>Please note that deleting or destroying User information does not mean the complete deletion of all User information and data from BNI VN&#039;s database and storage. Accordingly, BNI VN retains the right to store a certain amount of User information and data necessary to provide services, support, or comply with BNI VN&#039;s legal obligations, or to resolve disputes related to the User, or to protect the legitimate interests of BNI VN, the User, or any third party.<\/p><p><br \/><strong>6. Protecting personal information<\/strong><br \/>\u2013 BNI VN guarantees that User information is stored as securely as possible. However, Users are still responsible for protecting their password information from unauthorized access and ensuring device security requirements as stipulated in this Policy.<br \/>\u2013 BNI VN only allows third parties under this Policy to access information and can only do so to serve the functions, purposes, and work directly related to the use of the Platform&#039;s services and other cases as stipulated in this Policy; furthermore, BNI VN does not use, transfer, provide, or disclose User information to any other third party without the User&#039;s explicit consent.<br \/>\u2013 In the event that the information storage system is attacked or a virus causes data loss for Users, BNI VN will be responsible for notifying the competent authorities for timely investigation and handling, and informing the Users about the incident.<br \/>\u2013 To ensure the security of user information and data, users must ensure that their devices can access it securely.<\/p><p><br \/><strong>7. Secure payment<\/strong><br \/>Users should complete transactions according to the payment instructions on the Platform. Upon completion of payment, please note that the VAT invoice will be sent to your email after the program ends.<\/p><p><br \/><strong>8. Policy changes<\/strong><br \/>\u2013 BNI VN reserves the right to change the content of this Policy without prior notice to suit the needs of the Platform as well as to receive feedback from Users. When updating this policy, BNI VN will revise the \u201cLast Updated\u201d date below.<\/p>\t\t\t\t\t\t\t\t<\/div>\n\t\t\t\t<\/div>\n\t\t\t\t<div class=\"elementor-element elementor-element-91aa1fc elementor-widget__width-initial elementor-hidden-mobile elementor-widget elementor-widget-image\" data-id=\"91aa1fc\" data-element_type=\"widget\" data-e-type=\"widget\" data-widget_type=\"image.default\">\n\t\t\t\t<div class=\"elementor-widget-container\">\n\t\t\t\t\t\t\t\t\t\t\t\t\t\t\t<img fetchpriority=\"high\" decoding=\"async\" width=\"486\" height=\"584\" src=\"https:\/\/hoingodinhcao.com\/wp-content\/uploads\/2024\/03\/logo-vong-tron.png\" class=\"attachment-large size-large wp-image-1367\" alt=\"\" \/>\t\t\t\t\t\t\t\t\t\t\t\t\t\t\t<\/div>\n\t\t\t\t<\/div>\n\t\t\t\t\t<\/div>\n\t\t\t\t<\/div>\n\t\t\t\t<\/div>","protected":false},"excerpt":{"rendered":"<p>C\u00f4ng ty C\u1ed5 ph\u1ea7n Business Connections (g\u1ecdi t\u1eaft l\u00e0 \u201cBNI VN\u201d), ch\u1ee7 s\u1edf h\u1eefu c\u1ee7a website \u201choingodinhcao.com\u201d cam k\u1ebft t\u00f4n tr\u1ecdng v\u00e0 b\u1ea3o v\u1ec7 quy\u1ec1n ri\u00eang t\u01b0 c\u1ee7a kh\u00e1ch h\u00e0ng. Ch\u00ednh s\u00e1ch b\u1ea3o m\u1eadt th\u00f4ng tin n\u00e0y (g\u1ecdi chung l\u00e0 \u201cCh\u00ednh S\u00e1ch\u201d) m\u00f4 t\u1ea3 c\u00e1ch BNI VN thu th\u1eadp, s\u1eed d\u1ee5ng th\u00f4ng tin c\u00e1 nh\u00e2n [&hellip;]<\/p>\n","protected":false},"author":1,"featured_media":0,"parent":0,"menu_order":0,"comment_status":"closed","ping_status":"closed","template":"","meta":{"footnotes":""},"class_list":["post-1292","page","type-page","status-publish","hentry"],"_links":{"self":[{"href":"https:\/\/hoingodinhcao.com\/en\/wp-json\/wp\/v2\/pages\/1292","targetHints":{"allow":["GET"]}}],"collection":[{"href":"https:\/\/hoingodinhcao.com\/en\/wp-json\/wp\/v2\/pages"}],"about":[{"href":"https:\/\/hoingodinhcao.com\/en\/wp-json\/wp\/v2\/types\/page"}],"author":[{"embeddable":true,"href":"https:\/\/hoingodinhcao.com\/en\/wp-json\/wp\/v2\/users\/1"}],"replies":[{"embeddable":true,"href":"https:\/\/hoingodinhcao.com\/en\/wp-json\/wp\/v2\/comments?post=1292"}],"version-history":[{"count":5,"href":"https:\/\/hoingodinhcao.com\/en\/wp-json\/wp\/v2\/pages\/1292\/revisions"}],"predecessor-version":[{"id":1996,"href":"https:\/\/hoingodinhcao.com\/en\/wp-json\/wp\/v2\/pages\/1292\/revisions\/1996"}],"wp:attachment":[{"href":"https:\/\/hoingodinhcao.com\/en\/wp-json\/wp\/v2\/media?parent=1292"}],"curies":[{"name":"wp","href":"https:\/\/api.w.org\/{rel}","templated":true}]}}